{"id":235,"date":"2026-01-22T09:51:00","date_gmt":"2026-01-22T07:51:00","guid":{"rendered":"https:\/\/cancan.adface.lt\/?page_id=235"},"modified":"2026-04-03T14:38:58","modified_gmt":"2026-04-03T12:38:58","slug":"duk","status":"publish","type":"page","link":"https:\/\/cancan.adface.lt\/en\/duk\/","title":{"rendered":"DUK"},"content":{"rendered":"<h2 class=\"wp-block-heading\">DA\u017dNIAUSIAI U\u017dDUODAMI KLAUSIMAI<\/h2>\n\n\n\n<div data-context=\"{&quot;autoclose&quot;:true,&quot;accordionItems&quot;:[]}\" data-wp-interactive=\"cancan\/accordion\" role=\"group\" class=\"wp-block-cancan-accordion is-layout-flow wp-container-cancan-accordion-is-layout-168482ca wp-block-cancan-accordion-is-layout-flow\">\n<div class=\"wp-block-cancan-accordion-item\">\n<h5 class=\"wp-block-cancan-accordion-heading\"><button aria-controls=\"cancan-accordion-item-1-panel\" aria-expanded=\"false\" id=\"cancan-accordion-item-1__toggle\" type=\"button\" class=\"wp-block-cancan-accordion-heading__toggle\"><span class=\"wp-block-cancan-accordion-heading__toggle-icon\"><svg xmlns=\"http:\/\/www.w3.org\/2000\/svg\" width=\"16\" height=\"12\" fill=\"none\"><g clip-path=\"url(#arrow-down-dark_svg__a)\"><path fill=\"#171314\" fill-rule=\"evenodd\" d=\"m8.719 9.978 6.994-6.954c.383-.405.383-1.024 0-1.405-.384-.381-1.006-.381-1.414 0L8 7.882 1.7 1.619a1.016 1.016 0 0 0-1.413 0c-.383.38-.383 1 0 1.405l7.018 6.954c.384.38 1.006.38 1.414 0\" clip-rule=\"evenodd\"><\/path><\/g><defs><clippath id=\"arrow-down-dark_svg__a\"><path fill=\"#fff\" d=\"M16 0v12H0V0z\"><\/path><\/clippath><\/defs><\/svg><\/span><span class=\"wp-block-cancan-accordion-heading__toggle-title\">Program\u0117l\u0117je ra\u0161o &#8222;J\u016bs\u0173 kortel\u0117 nustojo galioti&#8221;. K\u0105 daryti?<\/span><\/button><\/h5>\n\n\n\n<div aria-labelledby=\"cancan-accordion-item-1__toggle\" hidden=\"true\" id=\"cancan-accordion-item-1-panel\" role=\"region\" class=\"wp-block-cancan-accordion-panel\"><div class=\"content__wrapper is-layout-flow wp-block-cancan-accordion-panel-is-layout-flow\">\n<p>Jeigu baig\u0117si j\u016bs\u0173 kortel\u0117s galiojimo laikas, reikia atnaujinti duomenis program\u0117l\u0117je. Visi duomenys bus perkelti \u012f nauj\u0105 virtuali\u0105 kortel\u0119 &#8211; taip neprarasite sukaupt\u0173 dienos piet\u0173 ir\/ar kupon\u0173 nemokamiems pietums bei gal\u0117site toliau naudotis lojalumo programos naudomis. Duomenis atnaujinsite pasirink\u0119 &#8222;atnaujinti duomenis&#8221; ir patvirtin\u0119, kad j\u016bs\u0173 pateikta informacija yra teisinga.<\/p>\n<\/div><\/div>\n<\/div>\n\n\n\n<div class=\"wp-block-cancan-accordion-item\">\n<h5 class=\"wp-block-cancan-accordion-heading\"><button aria-controls=\"cancan-accordion-item-2-panel\" aria-expanded=\"false\" id=\"cancan-accordion-item-2__toggle\" type=\"button\" class=\"wp-block-cancan-accordion-heading__toggle\"><span class=\"wp-block-cancan-accordion-heading__toggle-icon\"><svg xmlns=\"http:\/\/www.w3.org\/2000\/svg\" width=\"16\" height=\"12\" fill=\"none\"><g clip-path=\"url(#arrow-down-dark_svg__a)\"><path fill=\"#171314\" fill-rule=\"evenodd\" d=\"m8.719 9.978 6.994-6.954c.383-.405.383-1.024 0-1.405-.384-.381-1.006-.381-1.414 0L8 7.882 1.7 1.619a1.016 1.016 0 0 0-1.413 0c-.383.38-.383 1 0 1.405l7.018 6.954c.384.38 1.006.38 1.414 0\" clip-rule=\"evenodd\"><\/path><\/g><defs><clippath id=\"arrow-down-dark_svg__a\"><path fill=\"#fff\" d=\"M16 0v12H0V0z\"><\/path><\/clippath><\/defs><\/svg><\/span><span class=\"wp-block-cancan-accordion-heading__toggle-title\">Koki\u0105 kortel\u0119 galiu prid\u0117ti \u012f mobili\u0105j\u0105 program\u0117l\u0119?<\/span><\/button><\/h5>\n\n\n\n<div aria-labelledby=\"cancan-accordion-item-2__toggle\" hidden=\"true\" id=\"cancan-accordion-item-2-panel\" role=\"region\" class=\"wp-block-cancan-accordion-panel\"><div class=\"content__wrapper is-layout-flow wp-block-cancan-accordion-panel-is-layout-flow\">\n<p>Prie program\u0117l\u0117s galite prid\u0117ti galiojan\u010dias Can Can Pizza arba Delano lojalumo korteles. Jeigu fizin\u0117s lojalumo kortel\u0117s neturite, program\u0117l\u0117je galite susikurti nemokam\u0105 virtuali\u0105 lojalumo kortel\u0119.<\/p>\n<\/div><\/div>\n<\/div>\n\n\n\n<div class=\"wp-block-cancan-accordion-item\">\n<h5 class=\"wp-block-cancan-accordion-heading\"><button aria-controls=\"cancan-accordion-item-3-panel\" aria-expanded=\"false\" id=\"cancan-accordion-item-3__toggle\" type=\"button\" class=\"wp-block-cancan-accordion-heading__toggle\"><span class=\"wp-block-cancan-accordion-heading__toggle-icon\"><svg xmlns=\"http:\/\/www.w3.org\/2000\/svg\" width=\"16\" height=\"12\" fill=\"none\"><g clip-path=\"url(#arrow-down-dark_svg__a)\"><path fill=\"#171314\" fill-rule=\"evenodd\" d=\"m8.719 9.978 6.994-6.954c.383-.405.383-1.024 0-1.405-.384-.381-1.006-.381-1.414 0L8 7.882 1.7 1.619a1.016 1.016 0 0 0-1.413 0c-.383.38-.383 1 0 1.405l7.018 6.954c.384.38 1.006.38 1.414 0\" clip-rule=\"evenodd\"><\/path><\/g><defs><clippath id=\"arrow-down-dark_svg__a\"><path fill=\"#fff\" d=\"M16 0v12H0V0z\"><\/path><\/clippath><\/defs><\/svg><\/span><span class=\"wp-block-cancan-accordion-heading__toggle-title\">Noriu prisijungti prie program\u0117l\u0117s, ta\u010diau norint pabaigti registracij\u0105 matau klaidos prane\u0161im\u0105. K\u0105 daryti?<\/span><\/button><\/h5>\n\n\n\n<div aria-labelledby=\"cancan-accordion-item-3__toggle\" hidden=\"true\" id=\"cancan-accordion-item-3-panel\" role=\"region\" class=\"wp-block-cancan-accordion-panel\"><div class=\"content__wrapper is-layout-flow wp-block-cancan-accordion-panel-is-layout-flow\">\n<p>Jeigu registruojate fizin\u0119 kortel\u0119, \u012fsitikinkite, kad ji yra galiojanti ir kad anketoje suved\u0117te teisingus duomenis (t.y. fizin\u0117s kortel\u0117s duomenys sutampa su duomenimis, nurodomais program\u0117l\u0117je). Kitais atvejais kreipkit\u0117s el. pa\u0161tu info@cancan.lt.<\/p>\n<\/div><\/div>\n<\/div>\n\n\n\n<div class=\"wp-block-cancan-accordion-item\">\n<h5 class=\"wp-block-cancan-accordion-heading\"><button aria-controls=\"cancan-accordion-item-4-panel\" aria-expanded=\"false\" id=\"cancan-accordion-item-4__toggle\" type=\"button\" class=\"wp-block-cancan-accordion-heading__toggle\"><span class=\"wp-block-cancan-accordion-heading__toggle-icon\"><svg xmlns=\"http:\/\/www.w3.org\/2000\/svg\" width=\"16\" height=\"12\" fill=\"none\"><g clip-path=\"url(#arrow-down-dark_svg__a)\"><path fill=\"#171314\" fill-rule=\"evenodd\" d=\"m8.719 9.978 6.994-6.954c.383-.405.383-1.024 0-1.405-.384-.381-1.006-.381-1.414 0L8 7.882 1.7 1.619a1.016 1.016 0 0 0-1.413 0c-.383.38-.383 1 0 1.405l7.018 6.954c.384.38 1.006.38 1.414 0\" clip-rule=\"evenodd\"><\/path><\/g><defs><clippath id=\"arrow-down-dark_svg__a\"><path fill=\"#fff\" d=\"M16 0v12H0V0z\"><\/path><\/clippath><\/defs><\/svg><\/span><span class=\"wp-block-cancan-accordion-heading__toggle-title\">Ar nuolaida taikoma dienos pietums?<\/span><\/button><\/h5>\n\n\n\n<div aria-labelledby=\"cancan-accordion-item-4__toggle\" hidden=\"true\" id=\"cancan-accordion-item-4-panel\" role=\"region\" class=\"wp-block-cancan-accordion-panel\"><div class=\"content__wrapper is-layout-flow wp-block-cancan-accordion-panel-is-layout-flow\">\n<p>Dienos piet\u0173 meniu kainos nurodytos jau su nuolaida, tad papildoma nuolaida netaikoma. Valgydami dienos pietus dalyvaujate &#8222;5-ti dienos piet\u016bs nemokamai&#8221; akcijoje ir kas penkt\u0105 kart\u0105 pietausite nemokamai!<\/p>\n<\/div><\/div>\n<\/div>\n\n\n\n<div class=\"wp-block-cancan-accordion-item\">\n<h5 class=\"wp-block-cancan-accordion-heading\"><button aria-controls=\"cancan-accordion-item-5-panel\" aria-expanded=\"false\" id=\"cancan-accordion-item-5__toggle\" type=\"button\" class=\"wp-block-cancan-accordion-heading__toggle\"><span class=\"wp-block-cancan-accordion-heading__toggle-icon\"><svg xmlns=\"http:\/\/www.w3.org\/2000\/svg\" width=\"16\" height=\"12\" fill=\"none\"><g clip-path=\"url(#arrow-down-dark_svg__a)\"><path fill=\"#171314\" fill-rule=\"evenodd\" d=\"m8.719 9.978 6.994-6.954c.383-.405.383-1.024 0-1.405-.384-.381-1.006-.381-1.414 0L8 7.882 1.7 1.619a1.016 1.016 0 0 0-1.413 0c-.383.38-.383 1 0 1.405l7.018 6.954c.384.38 1.006.38 1.414 0\" clip-rule=\"evenodd\"><\/path><\/g><defs><clippath id=\"arrow-down-dark_svg__a\"><path fill=\"#fff\" d=\"M16 0v12H0V0z\"><\/path><\/clippath><\/defs><\/svg><\/span><span class=\"wp-block-cancan-accordion-heading__toggle-title\">Ar program\u0117l\u0117je gal\u0117siu matyti, kiek kart\u0173 valgiau dienos pietus ir kiek liko iki nemokam\u0173 piet\u0173?<\/span><\/button><\/h5>\n\n\n\n<div aria-labelledby=\"cancan-accordion-item-5__toggle\" hidden=\"true\" id=\"cancan-accordion-item-5-panel\" role=\"region\" class=\"wp-block-cancan-accordion-panel\"><div class=\"content__wrapper is-layout-flow wp-block-cancan-accordion-panel-is-layout-flow\">\n<p>Taip, program\u0117l\u0117je matysite, kiek kart\u0173 liko pietauti iki tol, kol pietumis vai\u0161insime mes.<\/p>\n<\/div><\/div>\n<\/div>\n\n\n\n<div class=\"wp-block-cancan-accordion-item\">\n<h5 class=\"wp-block-cancan-accordion-heading\"><button aria-controls=\"cancan-accordion-item-6-panel\" aria-expanded=\"false\" id=\"cancan-accordion-item-6__toggle\" type=\"button\" class=\"wp-block-cancan-accordion-heading__toggle\"><span class=\"wp-block-cancan-accordion-heading__toggle-icon\"><svg xmlns=\"http:\/\/www.w3.org\/2000\/svg\" width=\"16\" height=\"12\" fill=\"none\"><g clip-path=\"url(#arrow-down-dark_svg__a)\"><path fill=\"#171314\" fill-rule=\"evenodd\" d=\"m8.719 9.978 6.994-6.954c.383-.405.383-1.024 0-1.405-.384-.381-1.006-.381-1.414 0L8 7.882 1.7 1.619a1.016 1.016 0 0 0-1.413 0c-.383.38-.383 1 0 1.405l7.018 6.954c.384.38 1.006.38 1.414 0\" clip-rule=\"evenodd\"><\/path><\/g><defs><clippath id=\"arrow-down-dark_svg__a\"><path fill=\"#fff\" d=\"M16 0v12H0V0z\"><\/path><\/clippath><\/defs><\/svg><\/span><span class=\"wp-block-cancan-accordion-heading__toggle-title\">Ar program\u0117l\u0117je gal\u0117siu matyti, kiek kart\u0173 valgiau pic\u0105 ir kiek liko iki nemokamos picos?<\/span><\/button><\/h5>\n\n\n\n<div aria-labelledby=\"cancan-accordion-item-6__toggle\" hidden=\"true\" id=\"cancan-accordion-item-6-panel\" role=\"region\" class=\"wp-block-cancan-accordion-panel\"><div class=\"content__wrapper is-layout-flow wp-block-cancan-accordion-panel-is-layout-flow\">\n<p>Taip, program\u0117l\u0117je matysite, kiek kart\u0173 liko iki tol, kol nemokama pica vai\u0161insime mes.<\/p>\n<\/div><\/div>\n<\/div>\n\n\n\n<div class=\"wp-block-cancan-accordion-item\">\n<h5 class=\"wp-block-cancan-accordion-heading\"><button aria-controls=\"cancan-accordion-item-7-panel\" aria-expanded=\"false\" id=\"cancan-accordion-item-7__toggle\" type=\"button\" class=\"wp-block-cancan-accordion-heading__toggle\"><span class=\"wp-block-cancan-accordion-heading__toggle-icon\"><svg xmlns=\"http:\/\/www.w3.org\/2000\/svg\" width=\"16\" height=\"12\" fill=\"none\"><g clip-path=\"url(#arrow-down-dark_svg__a)\"><path fill=\"#171314\" fill-rule=\"evenodd\" d=\"m8.719 9.978 6.994-6.954c.383-.405.383-1.024 0-1.405-.384-.381-1.006-.381-1.414 0L8 7.882 1.7 1.619a1.016 1.016 0 0 0-1.413 0c-.383.38-.383 1 0 1.405l7.018 6.954c.384.38 1.006.38 1.414 0\" clip-rule=\"evenodd\"><\/path><\/g><defs><clippath id=\"arrow-down-dark_svg__a\"><path fill=\"#fff\" d=\"M16 0v12H0V0z\"><\/path><\/clippath><\/defs><\/svg><\/span><span class=\"wp-block-cancan-accordion-heading__toggle-title\">Program\u0117l\u0117je ra\u0161o &#8222;J\u016bs\u0173 kortel\u0117 nustojo galioti&#8221;. K\u0105 daryti?<\/span><\/button><\/h5>\n\n\n\n<div aria-labelledby=\"cancan-accordion-item-7__toggle\" hidden=\"true\" id=\"cancan-accordion-item-7-panel\" role=\"region\" class=\"wp-block-cancan-accordion-panel\"><div class=\"content__wrapper is-layout-flow wp-block-cancan-accordion-panel-is-layout-flow\">\n<p>Jeigu baig\u0117si j\u016bs\u0173 kortel\u0117s galiojimo laikas, reikia atnaujinti duomenis program\u0117l\u0117je. Visi duomenys bus perkelti \u012f nauj\u0105 virtuali\u0105 kortel\u0119 &#8211; taip neprarasite sukaupt\u0173 dienos piet\u0173 ir\/ar kupon\u0173 nemokamiems pietums bei gal\u0117site toliau naudotis lojalumo programos naudomis. Duomenis atnaujinsite pasirink\u0119 &#8222;atnaujinti duomenis&#8221; ir patvirtin\u0119, kad j\u016bs\u0173 pateikta informacija yra teisinga.<\/p>\n<\/div><\/div>\n<\/div>\n\n\n\n<div class=\"wp-block-cancan-accordion-item\">\n<h5 class=\"wp-block-cancan-accordion-heading\"><button aria-controls=\"cancan-accordion-item-8-panel\" aria-expanded=\"false\" id=\"cancan-accordion-item-8__toggle\" type=\"button\" class=\"wp-block-cancan-accordion-heading__toggle\"><span class=\"wp-block-cancan-accordion-heading__toggle-icon\"><svg xmlns=\"http:\/\/www.w3.org\/2000\/svg\" width=\"16\" height=\"12\" fill=\"none\"><g clip-path=\"url(#arrow-down-dark_svg__a)\"><path fill=\"#171314\" fill-rule=\"evenodd\" d=\"m8.719 9.978 6.994-6.954c.383-.405.383-1.024 0-1.405-.384-.381-1.006-.381-1.414 0L8 7.882 1.7 1.619a1.016 1.016 0 0 0-1.413 0c-.383.38-.383 1 0 1.405l7.018 6.954c.384.38 1.006.38 1.414 0\" clip-rule=\"evenodd\"><\/path><\/g><defs><clippath id=\"arrow-down-dark_svg__a\"><path fill=\"#fff\" d=\"M16 0v12H0V0z\"><\/path><\/clippath><\/defs><\/svg><\/span><span class=\"wp-block-cancan-accordion-heading__toggle-title\">Program\u0117l\u0117je nematau QR kodo ir\/ ar dienos piet\u0173 kupono. K\u0105 daryti?<\/span><\/button><\/h5>\n\n\n\n<div aria-labelledby=\"cancan-accordion-item-8__toggle\" hidden=\"true\" id=\"cancan-accordion-item-8-panel\" role=\"region\" class=\"wp-block-cancan-accordion-panel\"><div class=\"content__wrapper is-layout-flow wp-block-cancan-accordion-panel-is-layout-flow\">\n<p>Jeigu susiduriate su nesklandumais, pabandykite program\u0117l\u0119 i\u0161jungti ir \u012fjungti i\u0161 naujo \u012fsitikin\u0119, jog esate prisijung\u0119 prie interneto tinklo. Jeigu tai nepadeda, susisiekite su mumis per program\u0117l\u0119 (&#8222;daugiau&#8221; -&gt; &#8222;bendraukime&#8221;) arba el. pa\u0161tu info@cancan.lt<\/p>\n<\/div><\/div>\n<\/div>\n\n\n\n<div class=\"wp-block-cancan-accordion-item\">\n<h5 class=\"wp-block-cancan-accordion-heading\"><button aria-controls=\"cancan-accordion-item-9-panel\" aria-expanded=\"false\" id=\"cancan-accordion-item-9__toggle\" type=\"button\" class=\"wp-block-cancan-accordion-heading__toggle\"><span class=\"wp-block-cancan-accordion-heading__toggle-icon\"><svg xmlns=\"http:\/\/www.w3.org\/2000\/svg\" width=\"16\" height=\"12\" fill=\"none\"><g clip-path=\"url(#arrow-down-dark_svg__a)\"><path fill=\"#171314\" fill-rule=\"evenodd\" d=\"m8.719 9.978 6.994-6.954c.383-.405.383-1.024 0-1.405-.384-.381-1.006-.381-1.414 0L8 7.882 1.7 1.619a1.016 1.016 0 0 0-1.413 0c-.383.38-.383 1 0 1.405l7.018 6.954c.384.38 1.006.38 1.414 0\" clip-rule=\"evenodd\"><\/path><\/g><defs><clippath id=\"arrow-down-dark_svg__a\"><path fill=\"#fff\" d=\"M16 0v12H0V0z\"><\/path><\/clippath><\/defs><\/svg><\/span><span class=\"wp-block-cancan-accordion-heading__toggle-title\">Nerandate atsakymo \u012f klausim\u0105?<\/span><\/button><\/h5>\n\n\n\n<div aria-labelledby=\"cancan-accordion-item-9__toggle\" hidden=\"true\" id=\"cancan-accordion-item-9-panel\" role=\"region\" class=\"wp-block-cancan-accordion-panel\"><div class=\"content__wrapper is-layout-flow wp-block-cancan-accordion-panel-is-layout-flow\">\n<p>Susisiekite su mumis el. pa\u0161tu info@cancan.lt<\/p>\n<\/div><\/div>\n<\/div>\n<\/div>\n\n\n\n<p><\/p>","protected":false},"excerpt":{"rendered":"<p>DA\u017dNIAUSIAI U\u017dDUODAMI KLAUSIMAI<\/p>","protected":false},"author":1,"featured_media":0,"parent":0,"menu_order":0,"comment_status":"closed","ping_status":"closed","template":"sidebar-nav-content","meta":{"_acf_changed":false,"footnotes":""},"class_list":["post-235","page","type-page","status-publish","hentry"],"acf":[],"_links":{"self":[{"href":"https:\/\/cancan.adface.lt\/en\/wp-json\/wp\/v2\/pages\/235","targetHints":{"allow":["GET"]}}],"collection":[{"href":"https:\/\/cancan.adface.lt\/en\/wp-json\/wp\/v2\/pages"}],"about":[{"href":"https:\/\/cancan.adface.lt\/en\/wp-json\/wp\/v2\/types\/page"}],"author":[{"embeddable":true,"href":"https:\/\/cancan.adface.lt\/en\/wp-json\/wp\/v2\/users\/1"}],"replies":[{"embeddable":true,"href":"https:\/\/cancan.adface.lt\/en\/wp-json\/wp\/v2\/comments?post=235"}],"version-history":[{"count":76,"href":"https:\/\/cancan.adface.lt\/en\/wp-json\/wp\/v2\/pages\/235\/revisions"}],"predecessor-version":[{"id":917,"href":"https:\/\/cancan.adface.lt\/en\/wp-json\/wp\/v2\/pages\/235\/revisions\/917"}],"wp:attachment":[{"href":"https:\/\/cancan.adface.lt\/en\/wp-json\/wp\/v2\/media?parent=235"}],"curies":[{"name":"wp","href":"https:\/\/api.w.org\/{rel}","templated":true}]}}